{"id":6572,"date":"2023-07-06T08:51:00","date_gmt":"2023-07-06T08:51:00","guid":{"rendered":"https:\/\/www.btcrevolution.cloud\/oswiadczenie\/"},"modified":"2024-06-02T17:37:18","modified_gmt":"2024-06-02T17:37:18","slug":"oswiadczenie","status":"publish","type":"page","link":"https:\/\/www.btcrevolution.cloud\/pl\/oswiadczenie\/","title":{"rendered":"Zastrze\u017cenie"},"content":{"rendered":"<?xml encoding=\"UTF-8\"><div class=\"gb-container gb-container-4741bdba\">\n<div class=\"gb-container gb-container-5104633c\">\n\n<h1 class=\"gb-headline gb-headline-9ccd8424 gb-headline-text\">Zastrze&#380;enie<\/h1>\n\n<\/div>\n<\/div><div class=\"gb-container gb-container-04e8ef75\">\n<div class=\"gb-container gb-container-38c238aa\">\n\n<p>Ostatnia aktualizacja: 06 lipca 2023 r.<\/p>\n\n\n\n<h2 class=\"wp-block-heading has-global-color-18-color has-text-color\">Interpretacja i definicje<\/h2>\n\n\n\n<h2 class=\"wp-block-heading has-global-color-18-color has-text-color\">Interpretacja<\/h2>\n\n\n\n<p>Wyrazy, kt&oacute;rych pocz&#261;tkowa litera jest wielka, maj&#261; znaczenia okre&#347;lone w nast&#281;puj&#261;cych warunkach. Poni&#380;sze definicje maj&#261; takie samo znaczenie niezale&#380;nie od tego, czy wyst&#281;puj&#261; w liczbie pojedynczej czy mnogiej.<\/p>\n\n\n\n<h2 class=\"wp-block-heading has-global-color-18-color has-text-color\">Definicje<\/h2>\n\n\n\n<p>Dla cel&oacute;w niniejszego Zastrze&#380;enia:<\/p>\n\n\n\n<ul class=\"wp-block-list\">\n<li>Firma (okre&#347;lana w niniejszej Polityce plik&oacute;w cookie jako &bdquo;Firma&rdquo;, &bdquo;My&rdquo;, &bdquo;Nas&rdquo; lub &bdquo;Nasze&rdquo;) odnosi si&#281; do Bitcoin Revolution, Asia Square Tower, 8 Marina View, Singapur, 018960.<\/li>\n\n\n\n<li>U&#380;ytkownik oznacza odpowiednio U&#380;ytkownika, osob&#281; fizyczn&#261; uzyskuj&#261;c&#261; dost&#281;p do Us&#322;ugi lub sp&oacute;&#322;k&#281; b&#261;d&#378; inny podmiot prawny, w imieniu kt&oacute;rego taka osoba fizyczna uzyskuje dost&#281;p do Us&#322;ugi lub z niej korzysta.<\/li>\n\n\n\n<li>Strona odsy&#322;a do <a href=\"https:\/\/btcrevolution.cloud\/pl\/\" target=\"_blank\" rel=\"noreferrer noopener\">https:\/\/btcrevolution.cloud\/<\/a><\/li>\n\n\n\n<li>Us&#322;uga odnosi si&#281; do Witryny.<\/li>\n<\/ul>\n\n\n\n<h2 class=\"wp-block-heading has-global-color-18-color has-text-color\">Zastrze&#380;enie<\/h2>\n\n\n\n<p>Informacje zawarte w Serwisie s&#322;u&#380;&#261; wy&#322;&#261;cznie og&oacute;lnym celom informacyjnym.<\/p>\n\n\n\n<p>Sp&oacute;&#322;ka nie ponosi odpowiedzialno&#347;ci za b&#322;&#281;dy lub pomini&#281;cia w tre&#347;ci Serwisu.<\/p>\n\n\n\n<p>W &#380;adnym wypadku Sp&oacute;&#322;ka nie ponosi odpowiedzialno&#347;ci za jakiekolwiek szczeg&oacute;lne, bezpo&#347;rednie, po&#347;rednie, wt&oacute;rne lub przypadkowe szkody lub jakiekolwiek inne szkody, niezale&#380;nie od tego, czy wynikaj&#261; one z umowy, zaniedbania lub innych czyn&oacute;w niedozwolonych, powsta&#322;ych w wyniku lub w zwi&#261;zku z korzystaniem z Us&#322;ugi lub jej zawarto&#347;ci. Sp&oacute;&#322;ka zastrzega sobie prawo do dodawania, usuwania lub modyfikowania zawarto&#347;ci Serwisu w dowolnym momencie bez wcze&#347;niejszego powiadomienia.  <\/p>\n\n\n\n<p>Sp&oacute;&#322;ka nie gwarantuje, &#380;e Us&#322;uga jest wolna od wirus&oacute;w lub innych szkodliwych element&oacute;w.<\/p>\n\n\n\n<h2 class=\"wp-block-heading has-global-color-18-color has-text-color\">Zastrze&#380;enie dotycz&#261;ce link&oacute;w zewn&#281;trznych<\/h2>\n\n\n\n<p>Us&#322;uga mo&#380;e zawiera&#263; &#322;&#261;cza do zewn&#281;trznych stron internetowych, kt&oacute;re nie s&#261; dostarczane ani utrzymywane przez Sp&oacute;&#322;k&#281; lub w jakikolwiek spos&oacute;b z ni&#261; powi&#261;zane.<\/p>\n\n\n\n<p>Nale&#380;y pami&#281;ta&#263;, &#380;e Sp&oacute;&#322;ka nie gwarantuje dok&#322;adno&#347;ci, trafno&#347;ci, aktualno&#347;ci ani kompletno&#347;ci jakichkolwiek informacji na tych zewn&#281;trznych stronach internetowych.<\/p>\n\n\n\n<h2 class=\"wp-block-heading has-global-color-18-color has-text-color\">Wy&#322;&#261;czenie odpowiedzialno&#347;ci za b&#322;&#281;dy i pomini&#281;cia<\/h2>\n\n\n\n<p>Informacje podane przez Serwis s&#322;u&#380;&#261; wy&#322;&#261;cznie jako og&oacute;lne wytyczne w kwestiach b&#281;d&#261;cych przedmiotem zainteresowania. Nawet je&#347;li Sp&oacute;&#322;ka podejmie wszelkie &#347;rodki ostro&#380;no&#347;ci, aby zapewni&#263;, &#380;e zawarto&#347;&#263; Us&#322;ugi jest zar&oacute;wno aktualna, jak i dok&#322;adna, mog&#261; wyst&#261;pi&#263; b&#322;&#281;dy. Ponadto, bior&#261;c pod uwag&#281; zmieniaj&#261;cy si&#281; charakter przepis&oacute;w, zasad i regulacji, mog&#261; wyst&#261;pi&#263; op&oacute;&#378;nienia, pomini&#281;cia lub nie&#347;cis&#322;o&#347;ci w informacjach zawartych w Serwisie.<\/p>\n\n\n\n<p>Sp&oacute;&#322;ka nie ponosi odpowiedzialno&#347;ci za jakiekolwiek b&#322;&#281;dy lub pomini&#281;cia ani za wyniki uzyskane w wyniku wykorzystania tych informacji.<\/p>\n\n\n\n<h2 class=\"wp-block-heading has-global-color-18-color has-text-color\">Zastrze&#380;enie dotycz&#261;ce dozwolonego u&#380;ytku<\/h2>\n\n\n\n<p>Sp&oacute;&#322;ka mo&#380;e wykorzystywa&#263; materia&#322;y chronione prawem autorskim, kt&oacute;re nie zawsze zosta&#322;y wyra&#378;nie autoryzowane przez w&#322;a&#347;ciciela praw autorskich. Sp&oacute;&#322;ka udost&#281;pnia takie materia&#322;y do cel&oacute;w krytyki, komentowania, informowania, nauczania, stypendi&oacute;w lub bada&#324;.<\/p>\n\n\n\n<p>Sp&oacute;&#322;ka uwa&#380;a, &#380;e stanowi to &bdquo;dozwolony u&#380;ytek&rdquo; wszelkich takich materia&#322;&oacute;w chronionych prawem autorskim, zgodnie z sekcj&#261; 107 ameryka&#324;skiego prawa autorskiego.<\/p>\n\n\n\n<p>Je&#347;li u&#380;ytkownik chce wykorzysta&#263; materia&#322;y chronione prawem autorskim z Us&#322;ugi do w&#322;asnych cel&oacute;w, kt&oacute;re wykraczaj&#261; poza dozwolony u&#380;ytek, musi uzyska&#263; zgod&#281; w&#322;a&#347;ciciela praw autorskich.<\/p>\n\n\n\n<h2 class=\"wp-block-heading has-global-color-18-color has-text-color\">Wyra&#380;one pogl&#261;dy Zastrze&#380;enie<\/h2>\n\n\n\n<p>Serwis mo&#380;e zawiera&#263; pogl&#261;dy i opinie, kt&oacute;re s&#261; pogl&#261;dami i opiniami autor&oacute;w i niekoniecznie odzwierciedlaj&#261; oficjaln&#261; polityk&#281; lub stanowisko jakiegokolwiek innego autora, agencji, organizacji, pracodawcy lub sp&oacute;&#322;ki, w tym Sp&oacute;&#322;ki.<\/p>\n\n\n\n<p>Komentarze publikowane przez u&#380;ytkownik&oacute;w s&#261; ich wy&#322;&#261;czn&#261; odpowiedzialno&#347;ci&#261;, a u&#380;ytkownicy bior&#261; na siebie pe&#322;n&#261; odpowiedzialno&#347;&#263; za wszelkie znies&#322;awienia lub spory s&#261;dowe, kt&oacute;re wynikaj&#261; z czego&#347; napisanego w komentarzu lub jako bezpo&#347;redni rezultat czego&#347; napisanego w komentarzu. Sp&oacute;&#322;ka nie ponosi odpowiedzialno&#347;ci za komentarze publikowane przez u&#380;ytkownik&oacute;w i zastrzega sobie prawo do usuni&#281;cia ka&#380;dego komentarza z dowolnego powodu.<\/p>\n\n\n\n<h2 class=\"wp-block-heading has-global-color-18-color has-text-color\">Wy&#322;&#261;czenie odpowiedzialno&#347;ci<\/h2>\n\n\n\n<p>Informacje zawarte w Serwisie s&#261; dostarczane przy za&#322;o&#380;eniu, &#380;e Sp&oacute;&#322;ka nie jest zaanga&#380;owana w &#347;wiadczenie us&#322;ug prawnych, ksi&#281;gowych, podatkowych lub innych profesjonalnych porad i us&#322;ug. W zwi&#261;zku z tym nie nale&#380;y go u&#380;ywa&#263; jako substytutu konsultacji z profesjonalnymi doradcami ksi&#281;gowymi, podatkowymi, prawnymi lub innymi kompetentnymi doradcami.<\/p>\n\n\n\n<p>W &#380;adnym wypadku Sp&oacute;&#322;ka ani jej dostawcy nie ponosz&#261; odpowiedzialno&#347;ci za jakiekolwiek szczeg&oacute;lne, przypadkowe, po&#347;rednie lub wt&oacute;rne szkody wynikaj&#261;ce z lub w zwi&#261;zku z dost&#281;pem lub korzystaniem lub niemo&#380;no&#347;ci&#261; uzyskania dost&#281;pu lub korzystania z Us&#322;ugi.<\/p>\n\n\n\n<h2 class=\"wp-block-heading has-global-color-18-color has-text-color\">Zastrze&#380;enie &bdquo;U&#380;ywaj na w&#322;asne ryzyko&rdquo;<\/h2>\n\n\n\n<p>Wszystkie informacje zawarte w Serwisie s&#261; dostarczane w stanie, w jakim si&#281; znajduj&#261;, bez gwarancji kompletno&#347;ci, dok&#322;adno&#347;ci, terminowo&#347;ci lub wynik&oacute;w uzyskanych w wyniku korzystania z tych informacji, a tak&#380;e bez jakiejkolwiek gwarancji, wyra&#378;nej lub dorozumianej, w tym mi&#281;dzy innymi gwarancji wykonania, przydatno&#347;ci handlowej i przydatno&#347;ci do okre&#347;lonego celu.<\/p>\n\n\n\n<p>Sp&oacute;&#322;ka nie ponosi odpowiedzialno&#347;ci wobec U&#380;ytkownika ani innych os&oacute;b za jakiekolwiek decyzje lub dzia&#322;ania podj&#281;te w oparciu o informacje podane przez Us&#322;ug&#281; ani za jakiekolwiek szkody wt&oacute;rne, szczeg&oacute;lne lub podobne, nawet je&#347;li zosta&#322;a poinformowana o mo&#380;liwo&#347;ci wyst&#261;pienia takich szk&oacute;d.<\/p>\n\n\n\n<h2 class=\"wp-block-heading has-global-color-18-color has-text-color\">ZASTRZE&#379;ENIE DOTYCZ&#260;CE INWESTYCJI WYSOKIEGO RYZYKA<\/h2>\n\n\n\n<p>&bdquo;Bitcoin Revolution&rdquo; (&bdquo;Bitcoin Revolution&rdquo;) umo&#380;liwia swoim u&#380;ytkownikom (dalej: &bdquo;U&#380;ytkownik&rdquo; lub &bdquo;U&#380;ytkownicy&rdquo;) handel wysoce spekulacyjnymi inwestycjami, kt&oacute;re wi&#261;&#380;&#261; si&#281; ze znacznym ryzykiem straty. Taki handel nie jest odpowiedni dla wszystkich inwestor&oacute;w, wi&#281;c u&#380;ytkownicy musz&#261; upewni&#263; si&#281;, &#380;e w pe&#322;ni rozumiej&#261; ryzyko przed rozpocz&#281;ciem handlu. &bdquo;Bitcoin Revolution&rdquo; nie zarz&#261;dza ani nie oferuje &#380;adnych porad prawnych, podatkowych, ksi&#281;gowych lub inwestycyjnych ani rekomendacji dotycz&#261;cych przydatno&#347;ci, rentowno&#347;ci, strategii inwestycyjnej lub innych tego rodzaju kwestii.<\/p>\n\n\n\n<p>Wszyscy U&#380;ytkownicy i potencjalni U&#380;ytkownicy powinni uwa&#380;nie przeczyta&#263; poni&#380;sze Ujawnienie Ryzyka i ostrze&#380;enia zawarte w niniejszym dokumencie, przed z&#322;o&#380;eniem wniosku do &bdquo;Bitcoin Revolution&rdquo; o korzystanie z jego oprogramowania i przed rozpocz&#281;ciem handlu na r&oacute;&#380;nych rynkach finansowych przy u&#380;yciu r&oacute;&#380;nych instrument&oacute;w finansowych. Nale&#380;y jednak zauwa&#380;y&#263;, &#380;e niniejszy dokument nie mo&#380;e ujawnia&#263; ani wyja&#347;nia&#263; wszystkich zagro&#380;e&#324; i innych istotnych aspekt&oacute;w zwi&#261;zanych z handlem na rynku Forex, kontraktami CFD i kryptowalutami. Powiadomienie mia&#322;o na celu og&oacute;lne wyja&#347;nienie charakteru ryzyka zwi&#261;zanego z transakcjami na rynku Forex, kontraktami CFD i kryptowalutami w uczciwy i niewprowadzaj&#261;cy w b&#322;&#261;d spos&oacute;b.<\/p>\n\n\n\n<p>ZE WZGL&#280;DU NA WYSOCE RYZYKOWNY CHARAKTER HANDLU, &bdquo;BITCOIN REVOLUTION&rdquo; WYRA&#377;NIE NIE UDZIELA &#379;ADNYCH WYRA&#377;NYCH ANI DOROZUMIANYCH GWARANCJI ANI GWARANCJI, &#379;E U&#379;YTKOWNICY OSI&#260;GN&#260; JAKIKOLWIEK ZYSK LUB &#379;E U&#379;YTKOWNICY NIE STRAC&#260; &#379;ADNYCH LUB WSZYSTKICH ZDEPONOWANYCH &#346;RODK&Oacute;W INWESTYCYJNYCH.<\/p>\n\n\n\n<p>Handel na rynku Forex, kontraktami CFD i kryptowalutami jest BARDZO SPEKULATYWNY I WYSOKIE RYZYKO i nie jest odpowiedni dla wszystkich cz&#322;onk&oacute;w spo&#322;ecze&#324;stwa, ale tylko dla tych inwestor&oacute;w, kt&oacute;rzy&hellip;:<\/p>\n\n\n\n<p>(a) Rozumiej&#261; i s&#261; gotowi podj&#261;&#263; zwi&#261;zane z tym ryzyko ekonomiczne, prawne i inne.<\/p>\n\n\n\n<p>(b) Bior&#261;c pod uwag&#281; ich osobist&#261; sytuacj&#281; finansow&#261;, zasoby finansowe, styl &#380;ycia i zobowi&#261;zania, s&#261; w stanie finansowo przyj&#261;&#263; utrat&#281; ca&#322;ej inwestycji.<\/p>\n\n\n\n<p>(c) Posiada&#263; wiedz&#281; umo&#380;liwiaj&#261;c&#261; zrozumienie handlu na rynku Forex, kontraktami CFD i kryptowalutami oraz aktyw&oacute;w i rynk&oacute;w bazowych.<\/p>\n\n\n\n<p>&bdquo;Bitcoin Revolution&rdquo; nie udziela U&#380;ytkownikom &#380;adnych porad zwi&#261;zanych z Forex, CFD i kryptowalutami, aktywami bazowymi i rynkami ani nie przedstawia &#380;adnych rekomendacji inwestycyjnych. Je&#347;li wi&#281;c u&#380;ytkownik nie rozumie zwi&#261;zanego z tym ryzyka, powinien zasi&#281;gn&#261;&#263; porady i konsultacji u niezale&#380;nego doradcy finansowego. Je&#347;li u&#380;ytkownik nadal nie rozumie ryzyka zwi&#261;zanego z handlem na rynku Forex, kontraktami CFD i kryptowalutami, nie powinien w og&oacute;le handlowa&#263;.<\/p>\n\n\n\n<p>Forex, CFD i kryptowaluty s&#261; pochodnymi instrumentami finansowymi, kt&oacute;rych warto&#347;&#263; wynika z cen aktyw&oacute;w\/rynk&oacute;w bazowych, do kt&oacute;rych si&#281; odnosz&#261; (na przyk&#322;ad: waluty, indeksy gie&#322;dowe, akcje, metale, indeksy, kontrakty futures, kontrakty forward itp.) Dlatego wa&#380;ne jest, aby u&#380;ytkownik rozumia&#322; ryzyko zwi&#261;zane z handlem odpowiednimi aktywami bazowymi\/rynkiem, poniewa&#380; wahania cen aktyw&oacute;w bazowych\/rynku wp&#322;yn&#261; na rentowno&#347;&#263; jego transakcji.<\/p>\n\n\n\n<h2 class=\"wp-block-heading has-global-color-18-color has-text-color\">Niekt&oacute;re z takich zagro&#380;e&#324; obejmuj&#261;<\/h2>\n\n\n\n<p>Zmienno&#347;&#263; &ndash; Zmiany cen aktyw&oacute;w\/rynk&oacute;w bazowych mog&#261; by&#263; zmienne i nieprzewidywalne. B&#281;dzie to mia&#322;o bezpo&#347;redni wp&#322;yw na zyski i straty u&#380;ytkownika. Zrozumienie zmienno&#347;ci rynku bazowego pomo&#380;e u&#380;ytkownikom okre&#347;li&#263;, jak handlowa&#263; i ile s&#261; sk&#322;onni straci&#263;.<\/p>\n\n\n\n<p>Hu&#347;tawki rynkowe &ndash; Hu&#347;tawka to nag&#322;e przesuni&#281;cie ceny aktyw&oacute;w bazowych z jednego poziomu na drugi. R&oacute;&#380;ne czynniki mog&#261; prowadzi&#263; do powstawania luk (na przyk&#322;ad wydarzenia gospodarcze lub og&#322;oszenia rynkowe), a luki mog&#261; wyst&#281;powa&#263; zar&oacute;wno wtedy, gdy rynek bazowy jest otwarty, jak i wtedy, gdy jest zamkni&#281;ty. Gdy czynniki te wyst&#281;puj&#261;, gdy rynek bazowy jest zamkni&#281;ty, cena rynku bazowego po jego ponownym otwarciu (a zatem nasza cena pochodna) mo&#380;e znacznie r&oacute;&#380;ni&#263; si&#281; od ceny zamkni&#281;cia, bez mo&#380;liwo&#347;ci zamkni&#281;cia transakcji pomi&#281;dzy nimi. &bdquo;Gapping&rdquo; mo&#380;e skutkowa&#263; znaczn&#261; strat&#261; (lub zyskiem).<\/p>\n\n\n\n<p>P&#322;ynno&#347;&#263; rynku &ndash; Na ceny Forex, CFD i kryptowalut b&#281;d&#261; mia&#322;y wp&#322;yw, mi&#281;dzy innymi, zmieniaj&#261;ce si&#281; relacje poda&#380;y i popytu, programy i polityki rz&#261;dowe, rolne, handlowe i handlowe, krajowe i mi&#281;dzynarodowe wydarzenia polityczne i gospodarcze oraz dominuj&#261;ce cechy psychologiczne danego rynku, a niekt&oacute;re aktywa bazowe Forex, CFD i kryptowaluty mog&#261; nie sta&#263; si&#281; natychmiast p&#322;ynne w wyniku zmniejszonego popytu na aktywa bazowe. Tak wi&#281;c warunki rynkowe mog&#261; ulec znacznej zmianie w bardzo kr&oacute;tkim czasie, a zatem w pewnych warunkach rynkowych realizacja zlecenia u&#380;ytkownika mo&#380;e by&#263; niemo&#380;liwa, co prowadzi do strat.<\/p>\n\n\n\n<p>Rozumie si&#281;, &#380;e je&#347;li chodzi o handel walutami, mog&#261; wyst&#261;pi&#263; sytuacje, ruchy i \/ lub warunki wyst&#281;puj&#261;ce w weekend, na pocz&#261;tku tygodnia lub w ci&#261;gu dnia po opublikowaniu istotnych danych makroekonomicznych, wiadomo&#347;ci gospodarczych lub politycznych, kt&oacute;re powoduj&#261;, &#380;e rynki walutowe otwieraj&#261; si&#281; z poziomami cen, kt&oacute;re mog&#261; znacznie r&oacute;&#380;ni&#263; si&#281; od poprzednich cen.<\/p>\n\n\n\n<h2 class=\"wp-block-heading has-global-color-18-color has-text-color\">* OSTRZE&#379;ENIE O INWESTYCJACH WYSOKIEGO RYZYKA<\/h2>\n\n\n\n<p>Handel na rynku Forex, kontraktami CFD i kryptowalutami wi&#261;&#380;e si&#281; z ryzykiem utraty inwestycji. Niniejsze Ostrze&#380;enie o Ryzyku nie mo&#380;e i nie ujawnia wszystkich ryzyk i innych istotnych aspekt&oacute;w handlu opcjami i instrumentami pochodnymi. Nie powiniene&#347; spekulowa&#263; kapita&#322;em, na kt&oacute;rego utrat&#281; nie mo&#380;esz sobie pozwoli&#263;. Zdecydowanie zalecamy zapoznanie si&#281; z <a href=\"https:\/\/btcrevolution.cloud\/terms-condition\/pl\/\" target=\"_blank\" rel=\"noreferrer noopener\">Regulaminem<\/a> naszej witryny i <a href=\"https:\/\/btcrevolution.cloud\/privacy\/pl\/\" target=\"_blank\" rel=\"noreferrer noopener\">Polityk&#261; prywatno&#347;ci<\/a> przed rozpocz&#281;ciem korzystania z naszej us&#322;ugi.<\/p>\n\n\n\n<h2 class=\"wp-block-heading has-global-color-18-color has-text-color\">Kontakt z nami<\/h2>\n\n\n\n<p>W przypadku jakichkolwiek pyta&#324; dotycz&#261;cych niniejszego Zastrze&#380;enia, U&#380;ytkownik mo&#380;e skontaktowa&#263; si&#281; z nami:<\/p>\n\n\n\n<ul class=\"wp-block-list\">\n<li>E-mail: <a href=\"mailto:info@btcrevolution.cloud\">info@btcrevolution.cloud<\/a><\/li>\n\n\n\n<li>Odwiedzaj&#261;c t&#281; stron&#281; w naszym serwisie: <a href=\"https:\/\/btcrevolution.cloud\/contact\/pl\/\" target=\"_blank\" rel=\"noreferrer noopener\">https:\/\/btcrevolution.cloud\/contact\/<\/a><\/li>\n\n\n\n<li>Telefonicznie: +65 6407 1000<\/li>\n<\/ul>\n\n<\/div>\n<\/div>\n","protected":false},"excerpt":{"rendered":"<p>Zastrze&#380;enie Ostatnia aktualizacja: 06 lipca 2023 r. Interpretacja i definicje Interpretacja Wyrazy, kt&oacute;rych pocz&#261;tkowa litera jest wielka, maj&#261; znaczenia okre&#347;lone w nast&#281;puj&#261;cych warunkach. Poni&#380;sze definicje maj&#261; takie samo znaczenie niezale&#380;nie od tego, czy wyst&#281;puj&#261; w liczbie pojedynczej czy mnogiej. Definicje Dla cel&oacute;w niniejszego Zastrze&#380;enia: Zastrze&#380;enie Informacje zawarte w Serwisie s&#322;u&#380;&#261; wy&#322;&#261;cznie og&oacute;lnym celom informacyjnym. Sp&oacute;&#322;ka &#8230; <a title=\"Zastrze\u017cenie\" class=\"read-more\" href=\"https:\/\/www.btcrevolution.cloud\/pl\/oswiadczenie\/\" aria-label=\"Dowiedz si\u0119 wi\u0119cej o Zastrze\u017cenie\">Czytaj dalej<\/a><\/p>\n","protected":false},"author":1,"featured_media":0,"parent":0,"menu_order":0,"comment_status":"closed","ping_status":"closed","template":"","meta":{"footnotes":""},"class_list":["post-6572","page","type-page","status-publish"],"_links":{"self":[{"href":"https:\/\/www.btcrevolution.cloud\/pl\/wp-json\/wp\/v2\/pages\/6572","targetHints":{"allow":["GET"]}}],"collection":[{"href":"https:\/\/www.btcrevolution.cloud\/pl\/wp-json\/wp\/v2\/pages"}],"about":[{"href":"https:\/\/www.btcrevolution.cloud\/pl\/wp-json\/wp\/v2\/types\/page"}],"author":[{"embeddable":true,"href":"https:\/\/www.btcrevolution.cloud\/pl\/wp-json\/wp\/v2\/users\/1"}],"replies":[{"embeddable":true,"href":"https:\/\/www.btcrevolution.cloud\/pl\/wp-json\/wp\/v2\/comments?post=6572"}],"version-history":[{"count":0,"href":"https:\/\/www.btcrevolution.cloud\/pl\/wp-json\/wp\/v2\/pages\/6572\/revisions"}],"wp:attachment":[{"href":"https:\/\/www.btcrevolution.cloud\/pl\/wp-json\/wp\/v2\/media?parent=6572"}],"curies":[{"name":"wp","href":"https:\/\/api.w.org\/{rel}","templated":true}]}}