{"id":6565,"date":"2023-07-06T08:51:00","date_gmt":"2023-07-06T08:51:00","guid":{"rendered":"https:\/\/www.btcrevolution.cloud\/odmitnuti-odpovednosti\/"},"modified":"2024-06-02T17:37:19","modified_gmt":"2024-06-02T17:37:19","slug":"odmitnuti-odpovednosti","status":"publish","type":"page","link":"https:\/\/www.btcrevolution.cloud\/cs\/odmitnuti-odpovednosti\/","title":{"rendered":"Z\u0159eknut\u00ed se odpov\u011bdnosti"},"content":{"rendered":"<?xml encoding=\"UTF-8\"><div class=\"gb-container gb-container-4741bdba\">\n<div class=\"gb-container gb-container-5104633c\">\n\n<h1 class=\"gb-headline gb-headline-9ccd8424 gb-headline-text\">Z&#345;eknut&iacute; se odpov&#283;dnosti<\/h1>\n\n<\/div>\n<\/div><div class=\"gb-container gb-container-04e8ef75\">\n<div class=\"gb-container gb-container-38c238aa\">\n\n<p>Posledn&iacute; aktualizace: 06. &#269;ervence 2023<\/p>\n\n\n\n<h2 class=\"wp-block-heading has-global-color-18-color has-text-color\">V&yacute;klad a definice<\/h2>\n\n\n\n<h2 class=\"wp-block-heading has-global-color-18-color has-text-color\">V&yacute;klad<\/h2>\n\n\n\n<p>Slova, jejich&#382; po&#269;&aacute;te&#269;n&iacute; p&iacute;smeno je ps&aacute;no velk&yacute;m p&iacute;smenem, maj&iacute; v&yacute;znam definovan&yacute; za n&aacute;sleduj&iacute;c&iacute;ch podm&iacute;nek. N&aacute;sleduj&iacute;c&iacute; definice maj&iacute; stejn&yacute; v&yacute;znam bez ohledu na to, zda jsou uvedeny v jednotn&eacute;m nebo mno&#382;n&eacute;m &#269;&iacute;sle.<\/p>\n\n\n\n<h2 class=\"wp-block-heading has-global-color-18-color has-text-color\">Definice<\/h2>\n\n\n\n<p>Pro &uacute;&#269;ely tohoto Prohl&aacute;&scaron;en&iacute; o vylou&#269;en&iacute; odpov&#283;dnosti:<\/p>\n\n\n\n<ul class=\"wp-block-list\">\n<li>Spole&#269;nost (v t&#283;chto z&aacute;sad&aacute;ch pou&#382;&iacute;v&aacute;n&iacute; soubor&#367; cookie ozna&#269;ovan&aacute; jako &bdquo;spole&#269;nost&ldquo;, &bdquo;my&ldquo;, &bdquo;n&aacute;s&ldquo; nebo &bdquo;na&scaron;e&ldquo;) se vztahuje na Bitcoin Revolution,Asia Square Tower, 8 Marina View, Singapur, 018960.<\/li>\n\n\n\n<li>U&#382;ivatelem se rozum&iacute; u&#382;ivatel, fyzick&aacute; osoba, kter&aacute; p&#345;istupuje ke slu&#382;b&#283;, nebo spole&#269;nost, p&#345;&iacute;padn&#283; jin&aacute; pr&aacute;vnick&aacute; osoba, jej&iacute;m&#382; jm&eacute;nem tato osoba p&#345;istupuje ke slu&#382;b&#283; nebo ji pou&#382;&iacute;v&aacute;.<\/li>\n\n\n\n<li>Webov&eacute; str&aacute;nky odkazuj&iacute; na <a href=\"https:\/\/btcrevolution.cloud\/cs\/\" target=\"_blank\" rel=\"noreferrer noopener\">https:\/\/btcrevolution.cloud\/<\/a><\/li>\n\n\n\n<li>Slu&#382;ba se vztahuje na Webov&eacute; str&aacute;nky.<\/li>\n<\/ul>\n\n\n\n<h2 class=\"wp-block-heading has-global-color-18-color has-text-color\">Z&#345;eknut&iacute; se odpov&#283;dnosti<\/h2>\n\n\n\n<p>Informace obsa&#382;en&eacute; ve slu&#382;b&#283; slou&#382;&iacute; pouze k obecn&yacute;m informa&#269;n&iacute;m &uacute;&#269;el&#367;m.<\/p>\n\n\n\n<p>Spole&#269;nost nenese &#382;&aacute;dnou odpov&#283;dnost za chyby nebo opomenut&iacute; v obsahu slu&#382;by.<\/p>\n\n\n\n<p>Spole&#269;nost v &#382;&aacute;dn&eacute;m p&#345;&iacute;pad&#283; neodpov&iacute;d&aacute; za &#382;&aacute;dn&eacute; zvl&aacute;&scaron;tn&iacute;, p&#345;&iacute;m&eacute;, nep&#345;&iacute;m&eacute;, n&aacute;sledn&eacute; nebo n&aacute;hodn&eacute; &scaron;kody ani za &#382;&aacute;dn&eacute; jin&eacute; &scaron;kody, a&#357; u&#382; na z&aacute;klad&#283; smlouvy, nedbalosti nebo jin&yacute;ch delikt&#367;, kter&eacute; vznikly v d&#367;sledku pou&#382;&iacute;v&aacute;n&iacute; Slu&#382;by nebo jej&iacute;ho obsahu nebo v souvislosti s nimi. Spole&#269;nost si vyhrazuje pr&aacute;vo kdykoli a bez p&#345;edchoz&iacute;ho upozorn&#283;n&iacute; dopl&#328;ovat, odstra&#328;ovat nebo upravovat obsah slu&#382;by.  <\/p>\n\n\n\n<p>Spole&#269;nost nezaru&#269;uje, &#382;e Slu&#382;ba neobsahuje viry ani jin&eacute; &scaron;kodliv&eacute; sou&#269;&aacute;sti.<\/p>\n\n\n\n<h2 class=\"wp-block-heading has-global-color-18-color has-text-color\">Z&#345;eknut&iacute; se odpov&#283;dnosti za extern&iacute; odkazy<\/h2>\n\n\n\n<p>Slu&#382;ba m&#367;&#382;e obsahovat odkazy na extern&iacute; webov&eacute; str&aacute;nky, kter&eacute; nejsou poskytov&aacute;ny ani spravov&aacute;ny spole&#269;nost&iacute;, ani s n&iacute; nejsou nijak spojeny.<\/p>\n\n\n\n<p>Upozor&#328;ujeme, &#382;e spole&#269;nost neru&#269;&iacute; za p&#345;esnost, relevanci, aktu&aacute;lnost ani &uacute;plnost jak&yacute;chkoli informac&iacute; na t&#283;chto extern&iacute;ch webov&yacute;ch str&aacute;nk&aacute;ch.<\/p>\n\n\n\n<h2 class=\"wp-block-heading has-global-color-18-color has-text-color\">Z&#345;eknut&iacute; se odpov&#283;dnosti za chyby a opomenut&iacute;<\/h2>\n\n\n\n<p>Informace poskytovan&eacute; slu&#382;bou slou&#382;&iacute; pouze jako obecn&eacute; vod&iacute;tko v z&aacute;jmov&yacute;ch z&aacute;le&#382;itostech. I kdy&#382; spole&#269;nost u&#269;in&iacute; ve&scaron;ker&aacute; opat&#345;en&iacute;, aby zajistila aktu&aacute;lnost a p&#345;esnost obsahu slu&#382;by, m&#367;&#382;e doj&iacute;t k chyb&aacute;m. Vzhledem k m&#283;n&iacute;c&iacute; se povaze z&aacute;kon&#367;, pravidel a p&#345;edpis&#367; m&#367;&#382;e nav&iacute;c doch&aacute;zet ke zpo&#382;d&#283;n&iacute;m, opomenut&iacute;m nebo nep&#345;esnostem v informac&iacute;ch obsa&#382;en&yacute;ch ve slu&#382;b&#283;.<\/p>\n\n\n\n<p>Spole&#269;nost neodpov&iacute;d&aacute; za &#382;&aacute;dn&eacute; chyby nebo opomenut&iacute; ani za v&yacute;sledky z&iacute;skan&eacute; p&#345;i pou&#382;it&iacute; t&#283;chto informac&iacute;.<\/p>\n\n\n\n<h2 class=\"wp-block-heading has-global-color-18-color has-text-color\">Prohl&aacute;&scaron;en&iacute; o spravedliv&eacute;m pou&#382;it&iacute;<\/h2>\n\n\n\n<p>Spole&#269;nost m&#367;&#382;e pou&#382;&iacute;t materi&aacute;l chr&aacute;n&#283;n&yacute; autorsk&yacute;mi pr&aacute;vy, kter&yacute; nebyl v&#382;dy v&yacute;slovn&#283; schv&aacute;len vlastn&iacute;kem autorsk&yacute;ch pr&aacute;v. Spole&#269;nost tyto materi&aacute;ly zp&#345;&iacute;stup&#328;uje za &uacute;&#269;elem kritiky, koment&aacute;&#345;&#367;, zpravodajstv&iacute;, v&yacute;uky, v&#283;deck&eacute; pr&aacute;ce nebo v&yacute;zkumu.<\/p>\n\n\n\n<p>Spole&#269;nost se domn&iacute;v&aacute;, &#382;e se jedn&aacute; o &bdquo;spravedliv&eacute; pou&#382;it&iacute;&ldquo; jak&eacute;hokoli takov&eacute;ho materi&aacute;lu chr&aacute;n&#283;n&eacute;ho autorsk&yacute;mi pr&aacute;vy, jak je stanoveno v odd&iacute;le 107 z&aacute;kona Spojen&yacute;ch st&aacute;t&#367; americk&yacute;ch o autorsk&yacute;ch pr&aacute;vech.<\/p>\n\n\n\n<p>Pokud chcete pou&#382;&iacute;t materi&aacute;l chr&aacute;n&#283;n&yacute; autorsk&yacute;mi pr&aacute;vy ze Slu&#382;by pro sv&eacute; vlastn&iacute; &uacute;&#269;ely, kter&eacute; p&#345;esahuj&iacute; r&aacute;mec spravedliv&eacute;ho pou&#382;it&iacute;, mus&iacute;te z&iacute;skat povolen&iacute; od vlastn&iacute;ka autorsk&yacute;ch pr&aacute;v.<\/p>\n\n\n\n<h2 class=\"wp-block-heading has-global-color-18-color has-text-color\">Vyj&aacute;d&#345;en&eacute; n&aacute;zory Z&#345;eknut&iacute; se odpov&#283;dnosti<\/h2>\n\n\n\n<p>Slu&#382;ba m&#367;&#382;e obsahovat n&aacute;zory a stanoviska, kter&eacute; jsou n&aacute;zory autor&#367; a nemus&iacute; nutn&#283; odr&aacute;&#382;et ofici&aacute;ln&iacute; politiku nebo postoj jak&eacute;hokoli jin&eacute;ho autora, agentury, organizace, zam&#283;stnavatele nebo spole&#269;nosti, v&#269;etn&#283; spole&#269;nosti.<\/p>\n\n\n\n<p>Za koment&aacute;&#345;e zve&#345;ejn&#283;n&eacute; u&#382;ivateli nesou v&yacute;hradn&iacute; odpov&#283;dnost a u&#382;ivatel&eacute; nesou plnou zodpov&#283;dnost za jakoukoli pomluvu nebo soudn&iacute; spor, kter&yacute; vznikne v d&#367;sledku n&#283;&#269;eho napsan&eacute;ho v koment&aacute;&#345;i nebo jako p&#345;&iacute;m&yacute; d&#367;sledek n&#283;&#269;eho napsan&eacute;ho v koment&aacute;&#345;i. Spole&#269;nost nenese odpov&#283;dnost za koment&aacute;&#345;e zve&#345;ejn&#283;n&eacute; u&#382;ivateli a vyhrazuje si pr&aacute;vo odstranit jak&yacute;koli koment&aacute;&#345; z jak&eacute;hokoli d&#367;vodu.<\/p>\n\n\n\n<h2 class=\"wp-block-heading has-global-color-18-color has-text-color\">Z&#345;eknut&iacute; se odpov&#283;dnosti<\/h2>\n\n\n\n<p>Informace o Slu&#382;b&#283; jsou poskytov&aacute;ny s v&#283;dom&iacute;m, &#382;e Spole&#269;nost se zde nezab&yacute;v&aacute; poskytov&aacute;n&iacute;m pr&aacute;vn&iacute;ch, &uacute;&#269;etn&iacute;ch, da&#328;ov&yacute;ch ani jin&yacute;ch odborn&yacute;ch rad a slu&#382;eb. Jako takov&yacute; by nem&#283;l b&yacute;t pou&#382;&iacute;v&aacute;n jako n&aacute;hrada konzultace s profesion&aacute;ln&iacute;mi &uacute;&#269;etn&iacute;mi, da&#328;ov&yacute;mi, pr&aacute;vn&iacute;mi nebo jin&yacute;mi kompetentn&iacute;mi poradci.<\/p>\n\n\n\n<p>Spole&#269;nost ani jej&iacute; dodavatel&eacute; v &#382;&aacute;dn&eacute;m p&#345;&iacute;pad&#283; nenesou odpov&#283;dnost za jak&eacute;koli zvl&aacute;&scaron;tn&iacute;, n&aacute;hodn&eacute;, nep&#345;&iacute;m&eacute; nebo n&aacute;sledn&eacute; &scaron;kody vznikl&eacute; v souvislosti s va&scaron;&iacute;m p&#345;&iacute;stupem, pou&#382;&iacute;v&aacute;n&iacute;m nebo nemo&#382;nost&iacute; p&#345;&iacute;stupu ke slu&#382;b&#283; nebo jej&iacute;ho pou&#382;&iacute;v&aacute;n&iacute;.<\/p>\n\n\n\n<h2 class=\"wp-block-heading has-global-color-18-color has-text-color\">Z&#345;eknut&iacute; se odpov&#283;dnosti &bdquo;Pou&#382;&iacute;v&aacute;n&iacute; na vlastn&iacute; nebezpe&#269;&iacute;&ldquo;<\/h2>\n\n\n\n<p>Ve&scaron;ker&eacute; informace ve slu&#382;b&#283; jsou poskytov&aacute;ny &bdquo;tak, jak jsou&ldquo;, bez z&aacute;ruky &uacute;plnosti, p&#345;esnosti, v&#269;asnosti nebo v&yacute;sledk&#367; z&iacute;skan&yacute;ch p&#345;i pou&#382;it&iacute; t&#283;chto informac&iacute; a bez jak&eacute;koli z&aacute;ruky, v&yacute;slovn&eacute; nebo p&#345;edpokl&aacute;dan&eacute;, v&#269;etn&#283;, ale bez omezen&iacute; na z&aacute;ruky v&yacute;konnosti, prodejnosti a vhodnosti pro ur&#269;it&yacute; &uacute;&#269;el.<\/p>\n\n\n\n<p>Spole&#269;nost nenese v&#367;&#269;i v&aacute;m ani komukoli jin&eacute;mu odpov&#283;dnost za jak&eacute;koli rozhodnut&iacute; nebo akci u&#269;in&#283;nou na z&aacute;klad&#283; informac&iacute; poskytnut&yacute;ch slu&#382;bou ani za jak&eacute;koli n&aacute;sledn&eacute;, zvl&aacute;&scaron;tn&iacute; nebo podobn&eacute; &scaron;kody, a to ani v p&#345;&iacute;pad&#283;, &#382;e byla na mo&#382;nost vzniku takov&yacute;ch &scaron;kod upozorn&#283;na.<\/p>\n\n\n\n<h2 class=\"wp-block-heading has-global-color-18-color has-text-color\">Z&#344;EKNUT&Iacute; SE ODPOV&#282;DNOSTI ZA VYSOCE RIZIKOV&Eacute; INVESTICE<\/h2>\n\n\n\n<p>&bdquo;Bitcoin Revolution&ldquo; (d&aacute;le jen &bdquo;Bitcoin Revolution&ldquo;) umo&#382;&#328;uje sv&yacute;m u&#382;ivatel&#367;m (d&aacute;le jen &bdquo;u&#382;ivatel&ldquo; nebo &bdquo;u&#382;ivatel&eacute;&ldquo;) obchodovat s vysoce spekulativn&iacute;mi investicemi, kter&eacute; s sebou nesou zna&#269;n&eacute; riziko ztr&aacute;ty. Takov&eacute; obchodov&aacute;n&iacute; nen&iacute; vhodn&eacute; pro v&scaron;echny investory, proto se u&#382;ivatel&eacute; mus&iacute; p&#345;ed obchodov&aacute;n&iacute;m ujistit, &#382;e pln&#283; ch&aacute;pou rizika. &sbquo;Bitcoin Revolution&lsquo; nezaji&scaron;&#357;uje ani nenab&iacute;z&iacute; &#382;&aacute;dn&eacute; pr&aacute;vn&iacute;, da&#328;ov&eacute;, &uacute;&#269;etn&iacute; nebo investi&#269;n&iacute; poradenstv&iacute; &#269;i doporu&#269;en&iacute; t&yacute;kaj&iacute;c&iacute; se vhodnosti, ziskovosti, investi&#269;n&iacute; strategie nebo jin&yacute;ch z&aacute;le&#382;itost&iacute; tohoto druhu.<\/p>\n\n\n\n<p>V&scaron;ichni u&#382;ivatel&eacute; a potenci&aacute;ln&iacute; u&#382;ivatel&eacute; by si m&#283;li pe&#269;liv&#283; p&#345;e&#269;&iacute;st n&aacute;sleduj&iacute;c&iacute; informace o rizic&iacute;ch a varov&aacute;n&iacute; obsa&#382;en&aacute; v tomto dokumentu, ne&#382; po&#382;&aacute;daj&iacute; spole&#269;nost &bdquo;Bitcoin Revolution&ldquo; o pou&#382;&iacute;v&aacute;n&iacute; jej&iacute;ho softwaru a ne&#382; za&#269;nou obchodovat na r&#367;zn&yacute;ch finan&#269;n&iacute;ch trz&iacute;ch s vyu&#382;it&iacute;m r&#367;zn&yacute;ch finan&#269;n&iacute;ch n&aacute;stroj&#367;. Upozor&#328;ujeme v&scaron;ak, &#382;e tento dokument nem&#367;&#382;e odhalit ani vysv&#283;tlit v&scaron;echna rizika a dal&scaron;&iacute; v&yacute;znamn&eacute; aspekty spojen&eacute; s obchodov&aacute;n&iacute;m na forexu, s CFD a s kryptom&#283;nami. C&iacute;lem tohoto ozn&aacute;men&iacute; bylo f&eacute;rov&yacute;m a nezav&aacute;d&#283;j&iacute;c&iacute;m zp&#367;sobem obecn&#283; vysv&#283;tlit povahu rizik spojen&yacute;ch s obchodov&aacute;n&iacute;m na forexu, s CFD a s kryptom&#283;nami.<\/p>\n\n\n\n<p>VZHLEDEM K VYSOCE RIZIKOV&Eacute; POVAZE OBCHODOV&Aacute;N&Iacute; &bdquo;BITCOIN REVOLUTION&ldquo; V&Yacute;SLOVN&#282; NEPOSKYTUJE &#381;&Aacute;DN&Eacute; V&Yacute;SLOVN&Eacute; ANI IMPLICITN&Iacute; Z&Aacute;RUKY, &#381;E U&#381;IVATEL&Eacute; DOS&Aacute;HNOU JAK&Eacute;HOKOLI ZISKU NEBO &#381;E U&#381;IVATEL&Eacute; NEP&#344;IJDOU O &#381;&Aacute;DN&Eacute; NEBO V&Scaron;ECHNY VLO&#381;EN&Eacute; INVESTI&#268;N&Iacute; PROST&#344;EDKY.<\/p>\n\n\n\n<p>Obchodov&aacute;n&iacute; na forexu, s CFD a s kryptom&#283;nami je VELMI SPEKULATIVN&Iacute; A VYSOCE RIZIKOV&Eacute; a nen&iacute; vhodn&eacute; pro v&scaron;echny &#269;leny &scaron;irok&eacute; ve&#345;ejnosti, ale pouze pro investory, kte&#345;&iacute;:<\/p>\n\n\n\n<p>(a) ch&aacute;pou a jsou ochotni p&#345;evz&iacute;t ekonomick&aacute;, pr&aacute;vn&iacute; a jin&aacute; rizika s t&iacute;m spojen&aacute;.<\/p>\n\n\n\n<p>(b) Zohledn&iacute; svou osobn&iacute; finan&#269;n&iacute; situaci, finan&#269;n&iacute; zdroje, &#382;ivotn&iacute; styl a z&aacute;vazky jsou finan&#269;n&#283; schopni p&#345;evz&iacute;t ztr&aacute;tu cel&eacute; sv&eacute; investice.<\/p>\n\n\n\n<p>(c) m&iacute;t znalosti, kter&eacute; umo&#382;&#328;uj&iacute; porozum&#283;t obchodov&aacute;n&iacute; na forexu, CFD a kryptom&#283;n&aacute;ch a podkladov&yacute;m aktiv&#367;m a trh&#367;m.<\/p>\n\n\n\n<p>&sbquo;Bitcoin Revolution&lsquo; nebude u&#382;ivatel&#367;m poskytovat &#382;&aacute;dn&eacute; rady t&yacute;kaj&iacute;c&iacute; se forexu, CFD a kryptom&#283;n, podkladov&yacute;ch aktiv a trh&#367;, ani poskytovat investi&#269;n&iacute; doporu&#269;en&iacute; jak&eacute;hokoli druhu. Pokud tedy u&#382;ivatel nerozum&iacute; souvisej&iacute;c&iacute;m rizik&#367;m, m&#283;l by po&#382;&aacute;dat o radu a konzultaci nez&aacute;visl&eacute;ho finan&#269;n&iacute;ho poradce. Pokud u&#382;ivatel st&aacute;le nerozum&iacute; rizik&#367;m spojen&yacute;m s obchodov&aacute;n&iacute;m na Forexu, CFD a kryptom&#283;nami, nem&#283;l by obchodovat v&#367;bec.<\/p>\n\n\n\n<p>Forex, CFD a kryptom&#283;ny jsou deriv&aacute;tov&eacute; finan&#269;n&iacute; n&aacute;stroje, jejich&#382; hodnota se odvozuje od cen podkladov&yacute;ch aktiv\/trh&#367;, na kter&eacute; se vztahuj&iacute; (nap&#345;&iacute;klad: m&#283;ny, akciov&eacute; indexy, akcie, kovy, indexy, futures, forwardy atd.). Je proto d&#367;le&#382;it&eacute;, aby u&#382;ivatel ch&aacute;pal rizika spojen&aacute; s obchodov&aacute;n&iacute;m s p&#345;&iacute;slu&scaron;n&yacute;m podkladov&yacute;m aktivem\/trh, proto&#382;e kol&iacute;s&aacute;n&iacute; ceny podkladov&eacute;ho aktiva\/trhu ovlivn&iacute; ziskovost jeho obchodu.<\/p>\n\n\n\n<h2 class=\"wp-block-heading has-global-color-18-color has-text-color\">N&#283;kter&aacute; z t&#283;chto rizik zahrnuj&iacute;<\/h2>\n\n\n\n<p>Volatilita &ndash; pohyby cen podkladov&yacute;ch aktiv\/trh&#367; mohou b&yacute;t volatiln&iacute; a nep&#345;edv&iacute;dateln&eacute;. To bude m&iacute;t p&#345;&iacute;m&yacute; dopad na zisky a ztr&aacute;ty u&#382;ivatele. Pochopen&iacute; volatility podkladov&eacute;ho trhu pom&#367;&#382;e u&#382;ivateli &#345;&iacute;dit se t&iacute;m, jak obchodovat a kolik je ochoten ztratit.<\/p>\n\n\n\n<p>V&yacute;kyvy trhu &ndash; V&yacute;kyv je n&aacute;hl&aacute; zm&#283;na ceny podkladov&eacute;ho aktiva z jedn&eacute; &uacute;rovn&#283; na druhou. K gappingu mohou v&eacute;st r&#367;zn&eacute; faktory (nap&#345;&iacute;klad ekonomick&eacute; ud&aacute;losti nebo ozn&aacute;men&iacute; na trhu) a gapping se m&#367;&#382;e objevit jak v dob&#283;, kdy je podkladov&yacute; trh otev&#345;en&yacute;, tak v dob&#283;, kdy je zav&#345;en&yacute;. Pokud tyto faktory nastanou v dob&#283;, kdy je podkladov&yacute; trh uzav&#345;en, m&#367;&#382;e se cena podkladov&eacute;ho trhu p&#345;i jeho op&#283;tovn&eacute;m otev&#345;en&iacute; (a tedy i na&scaron;e odvozen&aacute; cena) v&yacute;razn&#283; li&scaron;it od uzav&iacute;rac&iacute; ceny, ani&#382; byste m&#283;li mo&#382;nost uzav&#345;&iacute;t sv&#367;j obchod v mezidob&iacute;. &bdquo;Gapping&ldquo; m&#367;&#382;e v&eacute;st ke zna&#269;n&eacute; ztr&aacute;t&#283; (nebo zisku).<\/p>\n\n\n\n<p>Tr&#382;n&iacute; likvidita &ndash; Ceny Forex&#367;, CFD a kryptom&#283;n budou ovliv&#328;ov&aacute;ny mimo jin&eacute; m&#283;n&iacute;c&iacute;mi se vztahy nab&iacute;dky a popt&aacute;vky, vl&aacute;dn&iacute;mi, zem&#283;d&#283;lsk&yacute;mi, obchodn&iacute;mi a komer&#269;n&iacute;mi programy a politikami, n&aacute;rodn&iacute;mi a mezin&aacute;rodn&iacute;mi politick&yacute;mi a ekonomick&yacute;mi ud&aacute;lostmi a p&#345;evl&aacute;daj&iacute;c&iacute;mi psychologick&yacute;mi charakteristikami p&#345;&iacute;slu&scaron;n&eacute;ho trhu a n&#283;kter&aacute; podkladov&aacute; aktiva Forex&#367;, CFD a kryptom&#283;n se nemus&iacute; st&aacute;t okam&#382;it&#283; likvidn&iacute;mi v d&#367;sledku sn&iacute;&#382;en&eacute; popt&aacute;vky po podkladov&eacute;m aktivu. Tr&#382;n&iacute; podm&iacute;nky se tak mohou b&#283;hem velmi kr&aacute;tk&eacute; doby v&yacute;razn&#283; zm&#283;nit, a proto m&#367;&#382;e b&yacute;t za ur&#269;it&yacute;ch tr&#382;n&iacute;ch podm&iacute;nek nemo&#382;n&eacute; p&#345;&iacute;kaz u&#382;ivatele prov&eacute;st, co&#382; m&#367;&#382;e v&eacute;st ke ztr&aacute;t&aacute;m.<\/p>\n\n\n\n<p>Je z&#345;ejm&eacute;, &#382;e p&#345;i obchodov&aacute;n&iacute; s m&#283;nami mohou nastat situace, pohyby a\/nebo podm&iacute;nky, kter&eacute; nastanou o v&iacute;kendu, na za&#269;&aacute;tku t&yacute;dne nebo v pr&#367;b&#283;hu dne po zve&#345;ejn&#283;n&iacute; v&yacute;znamn&yacute;ch makroekonomick&yacute;ch &uacute;daj&#367;, ekonomick&yacute;ch nebo politick&yacute;ch zpr&aacute;v, kter&eacute; zp&#367;sob&iacute;, &#382;e se m&#283;nov&eacute; trhy otev&#345;ou s cenov&yacute;mi &uacute;rovn&#283;mi, kter&eacute; se mohou podstatn&#283; li&scaron;it od p&#345;edchoz&iacute;ch cen.<\/p>\n\n\n\n<h2 class=\"wp-block-heading has-global-color-18-color has-text-color\">* VAROV&Aacute;N&Iacute; P&#344;ED VYSOCE RIZIKOV&Yacute;MI INVESTICEMI *<\/h2>\n\n\n\n<p>Obchodov&aacute;n&iacute; s Forexem, CFD a kryptom&#283;nami s sebou nese riziko ztr&aacute;ty investice. Toto upozorn&#283;n&iacute; na rizika nem&#367;&#382;e zve&#345;ejnit a ani nezve&#345;ej&#328;uje v&scaron;echna rizika a dal&scaron;&iacute; v&yacute;znamn&eacute; aspekty obchodov&aacute;n&iacute; s opcemi a deriv&aacute;ty. Nem&#283;li byste spekulovat s kapit&aacute;lem, kter&yacute; si nem&#367;&#382;ete dovolit ztratit. D&#367;razn&#283; doporu&#269;ujeme, abyste si p&#345;ed zah&aacute;jen&iacute;m pou&#382;&iacute;v&aacute;n&iacute; na&scaron;ich slu&#382;eb p&#345;e&#269;etli <a href=\"https:\/\/btcrevolution.cloud\/terms-condition\/cs\/\" target=\"_blank\" rel=\"noreferrer noopener\">Smluvn&iacute;<\/a> podm&iacute;nky a <a href=\"https:\/\/btcrevolution.cloud\/privacy\/cs\/\" target=\"_blank\" rel=\"noreferrer noopener\">Z&aacute;sady ochrany osobn&iacute;ch &uacute;daj&#367;<\/a>.<\/p>\n\n\n\n<h2 class=\"wp-block-heading has-global-color-18-color has-text-color\">Kontaktujte n&aacute;s<\/h2>\n\n\n\n<p>M&aacute;te-li jak&eacute;koli dotazy t&yacute;kaj&iacute;c&iacute; se tohoto Prohl&aacute;&scaron;en&iacute; o vylou&#269;en&iacute; odpov&#283;dnosti, m&#367;&#382;ete n&aacute;s kontaktovat:<\/p>\n\n\n\n<ul class=\"wp-block-list\">\n<li>E-mailem: <a href=\"mailto:info@btcrevolution.cloud\">info@btcrevolution.cloud<\/a><\/li>\n\n\n\n<li>Nav&scaron;t&iacute;ven&iacute;m t&eacute;to str&aacute;nky na na&scaron;ich webov&yacute;ch str&aacute;nk&aacute;ch: <a href=\"https:\/\/btcrevolution.cloud\/contact\/cs\/\" target=\"_blank\" rel=\"noreferrer noopener\">https:\/\/btcrevolution.cloud\/contact\/<\/a><\/li>\n\n\n\n<li>Telefonicky: +65 6407 1000<\/li>\n<\/ul>\n\n<\/div>\n<\/div>\n","protected":false},"excerpt":{"rendered":"<p>Z&#345;eknut&iacute; se odpov&#283;dnosti Posledn&iacute; aktualizace: 06. &#269;ervence 2023 V&yacute;klad a definice V&yacute;klad Slova, jejich&#382; po&#269;&aacute;te&#269;n&iacute; p&iacute;smeno je ps&aacute;no velk&yacute;m p&iacute;smenem, maj&iacute; v&yacute;znam definovan&yacute; za n&aacute;sleduj&iacute;c&iacute;ch podm&iacute;nek. N&aacute;sleduj&iacute;c&iacute; definice maj&iacute; stejn&yacute; v&yacute;znam bez ohledu na to, zda jsou uvedeny v jednotn&eacute;m nebo mno&#382;n&eacute;m &#269;&iacute;sle. Definice Pro &uacute;&#269;ely tohoto Prohl&aacute;&scaron;en&iacute; o vylou&#269;en&iacute; odpov&#283;dnosti: Z&#345;eknut&iacute; se odpov&#283;dnosti Informace &#8230; <a title=\"Z\u0159eknut\u00ed se odpov\u011bdnosti\" class=\"read-more\" href=\"https:\/\/www.btcrevolution.cloud\/cs\/odmitnuti-odpovednosti\/\" aria-label=\"\u010c\u00edst v\u00edce o Z\u0159eknut\u00ed se odpov\u011bdnosti\">Read more<\/a><\/p>\n","protected":false},"author":1,"featured_media":0,"parent":0,"menu_order":0,"comment_status":"closed","ping_status":"closed","template":"","meta":{"footnotes":""},"class_list":["post-6565","page","type-page","status-publish"],"_links":{"self":[{"href":"https:\/\/www.btcrevolution.cloud\/cs\/wp-json\/wp\/v2\/pages\/6565","targetHints":{"allow":["GET"]}}],"collection":[{"href":"https:\/\/www.btcrevolution.cloud\/cs\/wp-json\/wp\/v2\/pages"}],"about":[{"href":"https:\/\/www.btcrevolution.cloud\/cs\/wp-json\/wp\/v2\/types\/page"}],"author":[{"embeddable":true,"href":"https:\/\/www.btcrevolution.cloud\/cs\/wp-json\/wp\/v2\/users\/1"}],"replies":[{"embeddable":true,"href":"https:\/\/www.btcrevolution.cloud\/cs\/wp-json\/wp\/v2\/comments?post=6565"}],"version-history":[{"count":0,"href":"https:\/\/www.btcrevolution.cloud\/cs\/wp-json\/wp\/v2\/pages\/6565\/revisions"}],"wp:attachment":[{"href":"https:\/\/www.btcrevolution.cloud\/cs\/wp-json\/wp\/v2\/media?parent=6565"}],"curies":[{"name":"wp","href":"https:\/\/api.w.org\/{rel}","templated":true}]}}